{"id":712,"date":"2021-09-22T09:22:50","date_gmt":"2021-09-22T09:22:50","guid":{"rendered":"http:\/\/www.meltamtekstil.com\/?page_id=712"},"modified":"2021-11-12T09:02:40","modified_gmt":"2021-11-12T09:02:40","slug":"kisisel-verilerin-korunmasi","status":"publish","type":"page","link":"https:\/\/www.meltamtekstil.com\/en\/kisisel-verilerin-korunmasi\/","title":{"rendered":"PROTECTION OF PERSONAL DATA"},"content":{"rendered":"<div data-elementor-type=\"wp-page\" data-elementor-id=\"712\" class=\"elementor elementor-712\">\n\t\t\t\t\t\t\t\t\t<section class=\"elementor-section elementor-top-section elementor-element elementor-element-05099e6 elementor-section-stretched elementor-section-boxed elementor-section-height-default elementor-section-height-default\" data-id=\"05099e6\" data-element_type=\"section\" data-settings=\"{&quot;stretch_section&quot;:&quot;section-stretched&quot;}\">\n\t\t\t\t\t\t<div class=\"elementor-container elementor-column-gap-extended\">\n\t\t\t\t\t<div class=\"elementor-column elementor-col-100 elementor-top-column elementor-element elementor-element-837bb03\" data-id=\"837bb03\" data-element_type=\"column\">\n\t\t\t<div class=\"elementor-widget-wrap elementor-element-populated\">\n\t\t\t\t\t\t\t\t<div class=\"elementor-element elementor-element-71cb0fe elementor-widget elementor-widget-image\" data-id=\"71cb0fe\" data-element_type=\"widget\" data-widget_type=\"image.default\">\n\t\t\t\t<div class=\"elementor-widget-container\">\n\t\t\t\t\t\t\t\t\t\t\t\t\t\t\t<img width=\"1440\" height=\"839\" src=\"https:\/\/www.meltamtekstil.com\/wp-content\/uploads\/2021\/08\/meltam-tekstil-fabrika.jpg\" class=\"attachment-full size-full wp-image-465 fmfw-post-image\" alt=\"\" loading=\"lazy\" srcset=\"https:\/\/www.meltamtekstil.com\/wp-content\/uploads\/2021\/08\/meltam-tekstil-fabrika.jpg 1440w, https:\/\/www.meltamtekstil.com\/wp-content\/uploads\/2021\/08\/meltam-tekstil-fabrika-450x262.jpg 450w, https:\/\/www.meltamtekstil.com\/wp-content\/uploads\/2021\/08\/meltam-tekstil-fabrika-122x71.jpg 122w, https:\/\/www.meltamtekstil.com\/wp-content\/uploads\/2021\/08\/meltam-tekstil-fabrika-800x466.jpg 800w, https:\/\/www.meltamtekstil.com\/wp-content\/uploads\/2021\/08\/meltam-tekstil-fabrika-768x447.jpg 768w, https:\/\/www.meltamtekstil.com\/wp-content\/uploads\/2021\/08\/meltam-tekstil-fabrika-18x10.jpg 18w, https:\/\/www.meltamtekstil.com\/wp-content\/uploads\/2021\/08\/meltam-tekstil-fabrika-300x175.jpg 300w, https:\/\/www.meltamtekstil.com\/wp-content\/uploads\/2021\/08\/meltam-tekstil-fabrika-1024x597.jpg 1024w\" sizes=\"(max-width: 1440px) 100vw, 1440px\" \/>\t\t\t\t\t\t\t\t\t\t\t\t\t\t\t<\/div>\n\t\t\t\t<\/div>\n\t\t\t\t<div class=\"elementor-element elementor-element-fdec9a9 fmtpl-content-position-center fmtpl-content-align-left fmtpl-divider-position-bottom elementor-widget elementor-widget-fmtpl-title\" data-id=\"fdec9a9\" data-element_type=\"widget\" data-widget_type=\"fmtpl-title.default\">\n\t\t\t\t<div class=\"elementor-widget-container\">\n\t\t\t<div class=\"fmtpl-elementor-widget fmtpl-heading-title heading_default\"><div class=\"fmtpl-tittle-content-wrap\"><div class=\"fmtpl-widget-title fmtpl-title-wrap\"><span class=\"title-content\">TERMS AND CONDITIONS<\/span><\/div><div class=\"fmtpl-divider-wrap\"><div class=\"fmtpl-divider\">&nbsp;<\/div><\/div><div class=\"fmtpl-title-desc\"><strong>Veri Sorumlusu ve Temsilcisi<\/strong>\n<br><br>\n6698 say\u0131l\u0131 Ki\u015fisel Verilerin Korunmas\u0131 Kanunu (\u201cKanun\u201d) uyar\u0131nca ki\u015fisel verileriniz, veri sorumlusu olarak Meltam tekstil san.ve tic.ltd.\u015fti. (\u201c\u015eirket\u201d) taraf\u0131ndan a\u015fa\u011f\u0131da a\u00e7\u0131klanan kapsamda i\u015flenebilecektir.\n<br><br>\nKi\u015fisel verilerinizin \u015eirketimiz taraf\u0131ndan i\u015flenme ama\u00e7lar\u0131 konusunda detayl\u0131 bilgilere, <a href=\"https:\/\/www.kvkk.gov.tr\/Icerik\/5386\/KVKK-KISISEL-VERI-SAKLAMA-ve-IMHA-POLITIKASI\" target=\"_blank\">K\u0130\u015e\u0130SEL VER\u0130LER\u0130N KORUNMASI VE \u0130\u015eLENMES\u0130 POL\u0130T\u0130KASI<\/a> internet adresinden Ki\u015fisel Verilerin Korunmas\u0131 ve \u0130\u015flenmesi Politikas\u0131\u2019ndan ula\u015fabilirsiniz.\n<br><br>\n<strong>Ki\u015fisel Verileri \u0130\u015fleme Amac\u0131 Ve Hukuki Sebebi<\/strong>\n<br><br>\nKi\u015fisel verileriniz, a\u015fa\u011f\u0131daki tabloda belirtilen ama\u00e7lara uygun olarak,Kanun'un 5.Maddesinde belirtilen hukuki sebepler uyar\u0131nca i\u015flenmektedir.\n<br><br>\n<table width=\"100%\" border=\"1\">\n  <tr>\n    <td><strong>K\u0130\u015e\u0130SEL VER\u0130<\/strong><\/td>\n    <td><strong>AMA\u00c7<\/strong><\/td>\n    <td><strong>HUKUK\u0130 SEBEP<\/strong><\/td>\n  <\/tr>\n  <tr>\n    <td rowspan=\"3\">\u2022 Kimlik Bilgileri (isim, soy isim bilgisi, TCKN Bilgisi, Vergi Kimlik Numaras\u0131)<br><br>\n    \u2022 \u0130leti\u015fim Bilgisi (e-posta, telefon numaras\u0131, adres bilgisi)<br><br>\n    \u2022 Finansal Bilgi (kredi kart\u0131 veya banka kart\u0131 bilgileri, \u00f6deme bilgileri)<br><br>\n    \u2022 M\u00fc\u015fteri \u0130\u015flem Bilgisi (sat\u0131n al\u0131nan \u00fcr\u00fcn bilgisi, sipari\u015f tamamlanma bilgisi, iade\/de\u011fi\u015fik bilgisi, \u00f6nceki sipari\u015fler bilgisi, fatura ve \u00f6deme bilgileri, kurulum bilgisi)<br><br>\n    \u2022 Hukuki \u0130\u015flem Bilgileri (hukuki s\u00fcre\u00e7lere konu i\u015flemlere ili\u015fkin bilgiler)<br><br>\n    \u2022 \u0130\u015flem G\u00fcvenli\u011fi Bilgileri (IP adresi bilgileri, \u0130nternet sitesi giri\u015f \u00e7\u0131k\u0131\u015f bilgileri, \u015eifre ve parola bilgileri) \n<\/td>\n    <td>\u2022 \u015eirketimiz taraf\u0131ndan sunulan \u00fcr\u00fcn ve hizmetlerin sat\u0131\u015f s\u00fcre\u00e7lerinin olu\u015fturulmas\u0131 ve takibi,<br>\n\u2022 Sat\u0131n al\u0131nan \u00fcr\u00fcnlerin teslimat\u0131na ili\u015fkin faaliyetlerin planlanmas\u0131 veya icras\u0131,<br>\n\u2022 \u00dcr\u00fcnlerin veya hizmetlere ili\u015fkin \u00f6deme\/tahsilat i\u015flemlerinin ger\u00e7ekle\u015ftirilmesi<br>\n\u2022 Fatura tanzimi, do\u011frulama veya iptali i\u015flemlerinin ger\u00e7ekle\u015ftirilmesi<br>\n\u2022 \u00dcr\u00fcnlerin iadesine veya yenilenmesine ili\u015fkin faaliyetlerin ger\u00e7ekle\u015ftirilmesi<br>\n\u2022 Teminat i\u015flemlerinin y\u00fcr\u00fct\u00fclmesi. <br>\n<\/td>\n    <td>Ki\u015fisel verileriniz \u015eirketimiz \u00fcr\u00fcn veya hizmetlerine ili\u015fkin ger\u00e7ekle\u015ftirmi\u015f oldu\u011funuz al\u0131\u015fveri\u015f kapsam\u0131nda sat\u0131\u015f s\u00f6zle\u015fmesi uyar\u0131nca gerekli y\u00fck\u00fcml\u00fcl\u00fcklerin (\u00fcr\u00fcn teslimi, kurulum, vb.) yerine getirilmesi hukuki \u015fart\u0131 kapsam\u0131nda i\u015flenmektedir.<\/td>\n  <\/tr>\n  <tr>\n    <td>\u2022 M\u00fc\u015fterilerimizin talep veya \u015fik\u00e2yetlerinin al\u0131nmas\u0131 ve yerine getirilmesi ile m\u00fc\u015fteri ili\u015fkileri y\u00f6netimi,<br>\n\u2022 M\u00fc\u015fteri talep ve \u015fik\u00e2yetlerinin \u015firket i\u00e7i raporlamalar\u0131n\u0131n ger\u00e7ekle\u015ftirilmesi ile i\u015f s\u00fcre\u00e7lerinin iyile\u015ftirilmesi,<br>\n\u2022 \u0130\u00e7 kontrol, denetim ve \u015firket i\u00e7i\/d\u0131\u015f\u0131 raporlama faaliyetlerinin ger\u00e7ekle\u015ftirilmesi <br>\n<\/td>\n    <td>Kanun\u2019un 5 inci maddesi uyar\u0131nca veri sorumlusunun me\u015fru menfaatinin varl\u0131\u011f\u0131 halinde ilgili ki\u015filerin temel hak ve \u00f6zg\u00fcrl\u00fcklerine zarar vermemek kayd\u0131 ile ki\u015fisel veriler i\u015flenebilecektir. Bu do\u011frultuda \u015eirketimizin ticari faaliyetleri kapsam\u0131nda ki\u015fisel verilerin i\u015flenmesi ilgili kapsamda de\u011ferlendirilmektedir. <\/td>\n  <\/tr>\n  <tr>\n    <td>\u2022 Mevzuattan kaynakl\u0131 y\u00fck\u00fcml\u00fcl\u00fcklerimizin yerine getirilmesi.<br>\n\u2022 Resmi kurum veya kuru\u015flara bilgi verilmesi, talep edilen bilgi ve belgelerin sunulmas\u0131<br>\n\u2022 Muhasebe ve finans s\u00fcre\u00e7lerinin y\u00fcr\u00fct\u00fclmesi \u2022 Bilgi g\u00fcvenli\u011fi s\u00fcre\u00e7lerinin y\u00fcr\u00fct\u00fclmesi<br>\n\u2022 Sat\u0131\u015f do\u011frulama i\u015flemlerinin ger\u00e7ekle\u015ftirilmesi <br>\n<\/td>\n    <td>Kanun\u2019un 5 inci maddesinde belirtilen;<br>\n\u2022 kanunlarda a\u00e7\u0131k\u00e7a \u00f6ng\u00f6r\u00fclme \u015fart\u0131 (\u00f6r. faturada hangi verilerin olmas\u0131 gerekti\u011fi Vergi Usul Kanunu uyar\u0131nca belirlenmi\u015ftir),<br>\n\u2022 hukuki y\u00fck\u00fcml\u00fcl\u00fck (\u00f6r. Kanun uyar\u0131nca veri sorumlular\u0131n\u0131n veri g\u00fcvenli\u011fini sa\u011flama y\u00fck\u00fcml\u00fcl\u00fckleri bulunmaktad\u0131r),<br>\n\u2022 bir hakk\u0131n tesisi, kullan\u0131lmas\u0131 veya korunmas\u0131 i\u00e7in veri i\u015flemenin zorunlu olmas\u0131 (\u00f6r. Herhangi bir hukuki uyu\u015fmazl\u0131\u011fa konu olmas\u0131 halinde delil niteli\u011fine haiz olmas\u0131 durumu) kapsam\u0131nda de\u011ferlendirilmektedir. <br>\n<\/td>\n  <\/tr>\n<\/table>\n<br><br>\n<strong>\u0130\u015flenen Ki\u015fisel Verilerin Kimlere ve Hangi Ama\u00e7la Aktar\u0131labilece\u011fi<\/strong>\n<br>\nKi\u015fisel verileriniz Kanun\u2019un ki\u015fisel verilerin aktar\u0131m\u0131na ili\u015fkin maddesinde belirtilen \u015fartlara uygun \u015fekilde, a\u015fa\u011f\u0131daki ki\u015filere belirtilen ama\u00e7lar do\u011frultusunda aktar\u0131labilecektir. \n<br>\n\u2022 Bilgi teknolojileri kapsam\u0131nda yaz\u0131l\u0131m, bak\u0131m, g\u00fcvenlik ve ki\u015fisel verileri bar\u0131nd\u0131rma - konular\u0131nda hizmet al\u0131nan tedarik\u00e7ilerimiz, <br>\n\u2022 Gerekmesi halinde hukuki destek ald\u0131\u011f\u0131m\u0131z i\u015f ortaklar\u0131m\u0131za,<br>\n\u2022 \u0130\u015f geli\u015ftirme ve projelerin y\u00fcr\u00fct\u00fclmesi amac\u0131yla hizmet al\u0131nan i\u015f orta\u011f\u0131 dan\u0131\u015fmanl\u0131k \u015firketleri, <br>\n\u2022 Hukuki y\u00fck\u00fcml\u00fcl\u00fcklerimiz kapsam\u0131nda yetkili kurum ve kuru\u015flara. <br>\n<br>\n<strong>Ki\u015fisel Veri Toplaman\u0131n Y\u00f6ntemi <\/strong>\nKi\u015fisel verileriniz \u015eirketimiz ile temas etmeniz halinde, e-posta, telefon\/ileti\u015fim merkezi, internet sitesi, kargo\/posta ve faks kanallar\u0131yla fiziki veya elektronik ortamda yukar\u0131da belirtilen hukuki sebeplere istinaden toplanmaktad\u0131r.\n<br><br>\n<strong>Ki\u015fisel Veri Sahibinin Kanun\u2019un 11. maddesinde Say\u0131lan Haklar\u0131<\/strong>\n<br>\nKanun\u2019un 11. maddesi uyar\u0131nca Ki\u015fisel Verilerinize ili\u015fkin olarak, \n<br>\n\u2022 Ki\u015fisel veri i\u015flenip i\u015flenmedi\u011fini \u00f6\u011frenme, <br>\n\u2022 Ki\u015fisel verileriniz i\u015flenmi\u015fse buna ili\u015fkin bilgi talep etme, <br>\n\u2022 Ki\u015fisel verilerinizin i\u015flenme amac\u0131n\u0131 ve bunlar\u0131n amac\u0131na uygun kullan\u0131l\u0131p kullan\u0131lmad\u0131\u011f\u0131n\u0131 \u00f6\u011frenme, <br>\n\u2022 Yurt i\u00e7inde veya yurt d\u0131\u015f\u0131nda ki\u015fisel verilerinizin aktar\u0131ld\u0131\u011f\u0131 \u00fc\u00e7\u00fcnc\u00fc ki\u015fileri bilme, <br>\n\u2022 Ki\u015fisel verilerinizin eksik veya yanl\u0131\u015f i\u015flenmi\u015f olmas\u0131 h\u00e2linde bunlar\u0131n d\u00fczeltilmesini isteme ve bu kapsamda yap\u0131lan i\u015flemin ki\u015fisel verilerinizin aktar\u0131ld\u0131\u011f\u0131 \u00fc\u00e7\u00fcnc\u00fc ki\u015filere bildirilmesini isteme, <br>\n\u2022 Kanun ve ilgili di\u011fer kanun h\u00fck\u00fcmlerine uygun olarak i\u015flenmi\u015f olmas\u0131na ra\u011fmen, i\u015flenmesini gerektiren sebeplerin ortadan kalkmas\u0131 h\u00e2linde ki\u015fisel verilerin silinmesini veya yok edilmesini isteme ve bu kapsamda yap\u0131lan i\u015flemin ki\u015fisel verilerin aktar\u0131ld\u0131\u011f\u0131 \u00fc\u00e7\u00fcnc\u00fc ki\u015filere bildirilmesini isteme, <br>\n\u2022 \u0130\u015flenen verilerin m\u00fcnhas\u0131ran otomatik sistemler vas\u0131tas\u0131yla analiz edilmesi suretiyle ki\u015finin kendisi aleyhine bir sonucun ortaya \u00e7\u0131kmas\u0131na itiraz etme, <br>\n\u2022 Ki\u015fisel verilerin kanuna ayk\u0131r\u0131 olarak i\u015flenmesi sebebiyle zarara u\u011framas\u0131 h\u00e2linde zarar\u0131n giderilmesini talep etme haklar\u0131na sahipsiniz. <br>\n<br><br>\nKanun\u2019un 11. Maddesinde say\u0131lan haklar\u0131n\u0131z uyar\u0131nca, veri sahipleri olarak; taleplerinizi, <a href=\"https:\/\/www.kvkk.gov.tr\/SharedFolderServer\/CMSFiles\/20148d87-ddc9-4a0f-8e2f-4cc0bec33715.pdf\" target=\"_blank\">VER\u0130 SAH\u0130B\u0130 BA\u015eVURU FORMU<\/a> doldurarak \u015eirketimize iletebilirsiniz. Talebinizin niteli\u011fine g\u00f6re en k\u0131sa s\u00fcrede ve en ge\u00e7 otuz g\u00fcn i\u00e7inde ba\u015fvurular\u0131n\u0131z \u00fccretsiz olarak sonu\u00e7land\u0131r\u0131lacakt\u0131r; ancak i\u015flemin ayr\u0131ca bir maliyet gerektirmesi halinde Ki\u015fisel Verileri Koruma Kurulu taraf\u0131ndan belirlenecek tarifeye g\u00f6re taraf\u0131n\u0131zdan \u00fccret talep edilebilecektir.\n<br><br>\n<strong>Metindeki De\u011fi\u015fiklikler<\/strong>\n<br>\n\u0130\u015fbu Metin\u2019de yer alan h\u00fck\u00fcmleri diledi\u011fi zaman yay\u0131mlamak suretiyle de\u011fi\u015ftirebilir. De\u011fi\u015fiklik yapt\u0131\u011f\u0131 h\u00fck\u00fcmler yay\u0131nland\u0131\u011f\u0131 tarihte y\u00fcr\u00fcrl\u00fck kazan\u0131r. \n<br><br>\n<a href=\"https:\/\/www.kvkk.gov.tr\/Icerik\/5386\/KVKK-KISISEL-VERI-SAKLAMA-ve-IMHA-POLITIKASI\" target=\"_blank\">K\u0130\u015e\u0130SEL VER\u0130LER\u0130N KORUNMASI VE \u0130\u015eLENMES\u0130 POL\u0130T\u0130KASI<\/a>\n<br>\n<a href=\"https:\/\/www.kvkk.gov.tr\/SharedFolderServer\/CMSFiles\/20148d87-ddc9-4a0f-8e2f-4cc0bec33715.pdf\" target=\"_blank\">VER\u0130 SAH\u0130B\u0130 BA\u015eVURU FORMU<\/a><\/div><\/div><\/div>\t\t<\/div>\n\t\t\t\t<\/div>\n\t\t\t\t\t<\/div>\n\t\t<\/div>\n\t\t\t\t\t\t\t<\/div>\n\t\t<\/section>\n\t\t\t\t\t\t\t<\/div>","protected":false},"excerpt":{"rendered":"<p>MELTAM TEKST\u0130L SAN.VE T\u0130C.LTD.\u015eT\u0130. K\u0130\u015e\u0130SEL VER\u0130LER\u0130N\u0130N KORUNMASI VE \u0130\u015eLENMES\u0130 TALEP\/\u015e\u0130KAYET SAH\u0130B\u0130 AYDINLATMA METN\u0130&nbsp;Veri Sorumlusu ve Temsilcisi 6698 say\u0131l\u0131 Ki\u015fisel Verilerin Korunmas\u0131 Kanunu (\u201cKanun\u201d) uyar\u0131nca ki\u015fisel verileriniz, veri sorumlusu olarak Meltam tekstil san.ve tic.ltd.\u015fti. (\u201c\u015eirket\u201d) taraf\u0131ndan a\u015fa\u011f\u0131da a\u00e7\u0131klanan kapsamda i\u015flenebilecektir. Ki\u015fisel verilerinizin \u015eirketimiz taraf\u0131ndan i\u015flenme ama\u00e7lar\u0131 konusunda detayl\u0131 bilgilere, K\u0130\u015e\u0130SEL VER\u0130LER\u0130N KORUNMASI VE \u0130\u015eLENMES\u0130 POL\u0130T\u0130KASI internet [&hellip;]<\/p>","protected":false},"author":1,"featured_media":0,"parent":0,"menu_order":0,"comment_status":"closed","ping_status":"closed","template":"","meta":[],"_links":{"self":[{"href":"https:\/\/www.meltamtekstil.com\/en\/wp-json\/wp\/v2\/pages\/712"}],"collection":[{"href":"https:\/\/www.meltamtekstil.com\/en\/wp-json\/wp\/v2\/pages"}],"about":[{"href":"https:\/\/www.meltamtekstil.com\/en\/wp-json\/wp\/v2\/types\/page"}],"author":[{"embeddable":true,"href":"https:\/\/www.meltamtekstil.com\/en\/wp-json\/wp\/v2\/users\/1"}],"replies":[{"embeddable":true,"href":"https:\/\/www.meltamtekstil.com\/en\/wp-json\/wp\/v2\/comments?post=712"}],"version-history":[{"count":0,"href":"https:\/\/www.meltamtekstil.com\/en\/wp-json\/wp\/v2\/pages\/712\/revisions"}],"wp:attachment":[{"href":"https:\/\/www.meltamtekstil.com\/en\/wp-json\/wp\/v2\/media?parent=712"}],"curies":[{"name":"wp","href":"https:\/\/api.w.org\/{rel}","templated":true}]}}