{"id":478,"date":"2021-08-25T11:28:14","date_gmt":"2021-08-25T11:28:14","guid":{"rendered":"http:\/\/www.meltamtekstil.com\/?page_id=478"},"modified":"2023-05-24T09:12:28","modified_gmt":"2023-05-24T09:12:28","slug":"uretim-tesisi","status":"publish","type":"page","link":"https:\/\/www.meltamtekstil.com\/en\/uretim-tesisi\/","title":{"rendered":"PRODUCTION PLANT"},"content":{"rendered":"<div data-elementor-type=\"wp-page\" data-elementor-id=\"478\" class=\"elementor elementor-478\">\n\t\t\t\t\t\t\t\t\t<section class=\"elementor-section elementor-top-section elementor-element elementor-element-05099e6 elementor-section-stretched elementor-section-boxed elementor-section-height-default elementor-section-height-default\" data-id=\"05099e6\" data-element_type=\"section\" data-settings=\"{&quot;stretch_section&quot;:&quot;section-stretched&quot;}\">\n\t\t\t\t\t\t<div class=\"elementor-container elementor-column-gap-extended\">\n\t\t\t\t\t<div class=\"elementor-column elementor-col-100 elementor-top-column elementor-element elementor-element-837bb03\" data-id=\"837bb03\" data-element_type=\"column\">\n\t\t\t<div class=\"elementor-widget-wrap elementor-element-populated\">\n\t\t\t\t\t\t\t\t<div class=\"elementor-element elementor-element-71cb0fe elementor-widget elementor-widget-image\" data-id=\"71cb0fe\" data-element_type=\"widget\" data-widget_type=\"image.default\">\n\t\t\t\t<div class=\"elementor-widget-container\">\n\t\t\t\t\t\t\t\t\t\t\t\t\t\t\t<img width=\"1440\" height=\"755\" src=\"https:\/\/www.meltamtekstil.com\/wp-content\/uploads\/2021\/08\/uretim-tesisi.jpg\" class=\"attachment-full size-full wp-image-484 fmfw-post-image\" alt=\"\" loading=\"lazy\" srcset=\"https:\/\/www.meltamtekstil.com\/wp-content\/uploads\/2021\/08\/uretim-tesisi.jpg 1440w, https:\/\/www.meltamtekstil.com\/wp-content\/uploads\/2021\/08\/uretim-tesisi-450x236.jpg 450w, https:\/\/www.meltamtekstil.com\/wp-content\/uploads\/2021\/08\/uretim-tesisi-122x64.jpg 122w, https:\/\/www.meltamtekstil.com\/wp-content\/uploads\/2021\/08\/uretim-tesisi-800x419.jpg 800w, https:\/\/www.meltamtekstil.com\/wp-content\/uploads\/2021\/08\/uretim-tesisi-768x403.jpg 768w, https:\/\/www.meltamtekstil.com\/wp-content\/uploads\/2021\/08\/uretim-tesisi-18x9.jpg 18w, https:\/\/www.meltamtekstil.com\/wp-content\/uploads\/2021\/08\/uretim-tesisi-300x157.jpg 300w, https:\/\/www.meltamtekstil.com\/wp-content\/uploads\/2021\/08\/uretim-tesisi-1024x537.jpg 1024w\" sizes=\"(max-width: 1440px) 100vw, 1440px\" \/>\t\t\t\t\t\t\t\t\t\t\t\t\t\t\t<\/div>\n\t\t\t\t<\/div>\n\t\t\t\t<div class=\"elementor-element elementor-element-fdec9a9 fmtpl-content-position-center fmtpl-content-align-center fmtpl-divider-position-bottom elementor-widget elementor-widget-fmtpl-title\" data-id=\"fdec9a9\" data-element_type=\"widget\" data-widget_type=\"fmtpl-title.default\">\n\t\t\t\t<div class=\"elementor-widget-container\">\n\t\t\t<div class=\"fmtpl-elementor-widget fmtpl-heading-title heading_default\"><div class=\"fmtpl-tittle-content-wrap\"><div class=\"fmtpl-widget-title fmtpl-title-wrap\"><span class=\"title-content\">Production Plant<\/span><\/div><div class=\"fmtpl-divider-wrap\"><div class=\"fmtpl-divider\">&nbsp;<\/div><\/div><div class=\"fmtpl-title-desc\">With a production capacity of 450,000 mt per month, including weaving machines, all renewed in 2020; We are continueing our production in our new facility, where we realize 70% of our production inside our own plant. \n<br><br>\nAs of 2024, we will complete our solar energy investment in our sustainability journey in production, and we will be obtaining all our electrical energy use from clean sources.\n<br><br>\nBy always working hard and fulfilling the demands of our customers on time, with the highest quality possible\u2026<\/div><\/div><\/div>\t\t<\/div>\n\t\t\t\t<\/div>\n\t\t\t\t\t<\/div>\n\t\t<\/div>\n\t\t\t\t\t\t\t<\/div>\n\t\t<\/section>\n\t\t\t\t\t\t\t<\/div>","protected":false},"excerpt":{"rendered":"<p>\u00dcretim Tesisi&nbsp;Tamam\u0131 2020 y\u0131l\u0131nda yenilenmi\u015f dokuma makinalar\u0131n\u0131n da i\u00e7inde oldu\u011fu ayl\u0131k 450.000 mt. \u00fcretim kapasiteli, son teknolojiye sahip modern \u00fcretim ara\u00e7lar\u0131m\u0131z ile \u00fcretimimizin %70&#8217;ini ger\u00e7ekle\u015ftirdi\u011fimiz yeni tesisimizde dokuma kuma\u015f \u00fcretimimize devam ediyoruz. \u00dcretimde s\u00fcrd\u00fcr\u00fclebilirlik yolculu\u011fumuzda 2024 y\u0131l\u0131 itibar\u0131 ile g\u00fcne\u015f enerjisi yat\u0131r\u0131m\u0131m\u0131z\u0131 da tamamlayarak, t\u00fcm elektrik enerjisi kullan\u0131m\u0131m\u0131z\u0131 temiz kaynaklardan elde ediyor olaca\u011f\u0131z. Her zaman [&hellip;]<\/p>","protected":false},"author":1,"featured_media":0,"parent":0,"menu_order":0,"comment_status":"closed","ping_status":"closed","template":"","meta":[],"_links":{"self":[{"href":"https:\/\/www.meltamtekstil.com\/en\/wp-json\/wp\/v2\/pages\/478"}],"collection":[{"href":"https:\/\/www.meltamtekstil.com\/en\/wp-json\/wp\/v2\/pages"}],"about":[{"href":"https:\/\/www.meltamtekstil.com\/en\/wp-json\/wp\/v2\/types\/page"}],"author":[{"embeddable":true,"href":"https:\/\/www.meltamtekstil.com\/en\/wp-json\/wp\/v2\/users\/1"}],"replies":[{"embeddable":true,"href":"https:\/\/www.meltamtekstil.com\/en\/wp-json\/wp\/v2\/comments?post=478"}],"version-history":[{"count":3,"href":"https:\/\/www.meltamtekstil.com\/en\/wp-json\/wp\/v2\/pages\/478\/revisions"}],"predecessor-version":[{"id":6156,"href":"https:\/\/www.meltamtekstil.com\/en\/wp-json\/wp\/v2\/pages\/478\/revisions\/6156"}],"wp:attachment":[{"href":"https:\/\/www.meltamtekstil.com\/en\/wp-json\/wp\/v2\/media?parent=478"}],"curies":[{"name":"wp","href":"https:\/\/api.w.org\/{rel}","templated":true}]}}