{"id":328,"date":"2021-03-22T03:31:05","date_gmt":"2021-03-22T03:31:05","guid":{"rendered":"https:\/\/fisino.familab.net\/?page_id=12"},"modified":"2023-12-21T07:27:18","modified_gmt":"2023-12-21T07:27:18","slug":"meltam-tekstil-2","status":"publish","type":"page","link":"https:\/\/www.meltamtekstil.com\/en\/","title":{"rendered":"HOME PAGE"},"content":{"rendered":"<div data-elementor-type=\"wp-page\" data-elementor-id=\"328\" class=\"elementor elementor-328\">\n\t\t\t\t\t\t\t\t\t<section class=\"elementor-section elementor-top-section elementor-element elementor-element-6abc2af elementor-section-full_width elementor-section-stretched elementor-section-height-default elementor-section-height-default\" data-id=\"6abc2af\" data-element_type=\"section\" data-settings=\"{&quot;stretch_section&quot;:&quot;section-stretched&quot;}\">\n\t\t\t\t\t\t<div class=\"elementor-container elementor-column-gap-no\">\n\t\t\t\t\t<div class=\"elementor-column elementor-col-100 elementor-top-column elementor-element elementor-element-083be5d\" data-id=\"083be5d\" data-element_type=\"column\">\n\t\t\t<div class=\"elementor-widget-wrap elementor-element-populated\">\n\t\t\t\t\t\t\t\t<div class=\"elementor-element elementor-element-b374d5a elementor-widget elementor-widget-slider_revolution\" data-id=\"b374d5a\" data-element_type=\"widget\" data-widget_type=\"slider_revolution.default\">\n\t\t\t\t<div class=\"elementor-widget-container\">\n\t\t\t\r\n\t\t<div class=\"wp-block-themepunch-revslider\">\n\t\t\t<!-- START Fisino01 REVOLUTION SLIDER 6.5.31 --><p class=\"rs-p-wp-fix\"><\/p>\n\t\t\t<rs-module-wrap id=\"rev_slider_1_1_wrapper\" data-source=\"gallery\" style=\"visibility:hidden;background:transparent;padding:0;margin:0px auto;margin-top:0;margin-bottom:0;\">\n\t\t\t\t<rs-module id=\"rev_slider_1_1\" style=\"\" data-version=\"6.5.31\">\n\t\t\t\t\t<rs-slides>\n\t\t\t\t\t\t<rs-slide style=\"position: absolute;\" data-key=\"rs-15\" data-title=\"Slide\" data-anim=\"adpr:false;ms:300ms;\" data-in=\"o:0;\">\n\t\t\t\t\t\t\t<img src=\"\/\/www.meltamtekstil.com\/wp-content\/plugins\/revslider\/public\/assets\/assets\/dummy.png\" alt=\"\" title=\"HOME PAGE\" class=\"rev-slidebg tp-rs-img rs-lazyload\" data-lazyload=\"\/\/www.meltamtekstil.com\/wp-content\/plugins\/revslider\/public\/assets\/assets\/transparent.png\" data-parallax=\"off\" data-no-retina>\n\t\t\t\t\t\t\t<rs-bgvideo \n\t\t\t\t\t\t\t\tdata-video=\"vc:none;w:100%;h:100%;l:false;ptimer:true;\"\n\t\t\t\t\t\t\t\tdata-ytid=\"rfX3UQTujEg\"\n\t\t\t\t\t\t\t\tdata-vatr=\"version=3&amp;enablejsapi=1&amp;html5=1&amp;hd=1&amp;wmode=opaque&amp;showinfo=0&amp;rel=0&amp;origin=https:\/\/www.meltamtekstil.com;\"\n\t\t\t\t\t\t\t><\/rs-bgvideo>\n<!---->\t\t\t\t\t\t<\/rs-slide>\n\t\t\t\t\t\t<rs-slide style=\"position: absolute;\" data-key=\"rs-1\" data-title=\"Slide\" data-thumb=\"\/\/www.meltamtekstil.com\/wp-content\/uploads\/2021\/08\/kumas-slider-02-100x50.jpg\" data-duration=\"5000\" data-anim=\"adpr:false;\" data-in=\"o:0;x:100%;\" data-out=\"sx:0.85;sy:0.85;\" data-alttrans=\"slotslide-horizontal,boxslide,curtain-1\">\n\t\t\t\t\t\t\t<img src=\"\/\/www.meltamtekstil.com\/wp-content\/plugins\/revslider\/public\/assets\/assets\/dummy.png\" alt=\"\" title=\"kumas-slider-02\" width=\"1920\" height=\"1080\" class=\"rev-slidebg tp-rs-img rs-lazyload\" data-lazyload=\"\/\/www.meltamtekstil.com\/wp-content\/uploads\/2021\/08\/kumas-slider-02.jpg\" data-parallax=\"off\" data-no-retina>\n<!---->\t\t\t\t\t\t<\/rs-slide>\n\t\t\t\t\t\t<rs-slide style=\"position: absolute;\" data-key=\"rs-2\" data-title=\"Slide\" data-thumb=\"\/\/www.meltamtekstil.com\/wp-content\/uploads\/2021\/08\/kumas-slider-03-100x50.jpg\" data-duration=\"5000\" data-anim=\"adpr:false;\" data-in=\"o:0;x:100%;\" data-out=\"sx:0.85;sy:0.85;\" data-alttrans=\"slotslide-horizontal,boxslide,curtain-1\">\n\t\t\t\t\t\t\t<img src=\"\/\/www.meltamtekstil.com\/wp-content\/plugins\/revslider\/public\/assets\/assets\/dummy.png\" alt=\"\" title=\"kumas-slider-03\" width=\"1920\" height=\"1080\" class=\"rev-slidebg tp-rs-img rs-lazyload\" data-lazyload=\"\/\/www.meltamtekstil.com\/wp-content\/uploads\/2021\/08\/kumas-slider-03.jpg\" data-parallax=\"off\" data-no-retina>\n<!---->\t\t\t\t\t\t<\/rs-slide>\n\t\t\t\t\t\t<rs-slide style=\"position: absolute;\" data-key=\"rs-3\" data-title=\"Slide\" data-thumb=\"\/\/www.meltamtekstil.com\/wp-content\/uploads\/2021\/08\/kumas-slider-04-100x50.jpg\" data-duration=\"5000\" data-anim=\"adpr:false;\" data-in=\"o:0;x:100%;\" data-out=\"sx:0.85;sy:0.85;\" data-alttrans=\"slotslide-horizontal,boxslide,curtain-1\">\n\t\t\t\t\t\t\t<img src=\"\/\/www.meltamtekstil.com\/wp-content\/plugins\/revslider\/public\/assets\/assets\/dummy.png\" alt=\"\" title=\"kumas-slider-04\" width=\"1920\" height=\"1080\" class=\"rev-slidebg tp-rs-img rs-lazyload\" data-lazyload=\"\/\/www.meltamtekstil.com\/wp-content\/uploads\/2021\/08\/kumas-slider-04.jpg\" data-parallax=\"off\" data-no-retina>\n<!---->\t\t\t\t\t\t<\/rs-slide>\n\t\t\t\t\t<\/rs-slides>\n\t\t\t\t\t<rs-static-layers><!--\n\t\t\t\t\t--><\/rs-static-layers>\n\t\t\t\t<\/rs-module>\n\t\t\t\t<script>\n\t\t\t\t\tsetREVStartSize({c: 'rev_slider_1_1',rl:[1240,1024,778,480],el:[967,768,540,380],gw:[1470,960,760,320],gh:[967,768,540,380],type:'standard',justify:'',layout:'fullwidth',mh:\"0\"});if (window.RS_MODULES!==undefined && window.RS_MODULES.modules!==undefined && window.RS_MODULES.modules[\"revslider11\"]!==undefined) {window.RS_MODULES.modules[\"revslider11\"].once = false;window.revapi1 = undefined;if (window.RS_MODULES.checkMinimal!==undefined) window.RS_MODULES.checkMinimal()}\n\t\t\t\t<\/script>\n\t\t\t\t<script src=\"https:\/\/www.youtube.com\/iframe_api\"><\/script>\n\t\t\t<\/rs-module-wrap>\n\t\t\t<!-- END REVOLUTION SLIDER -->\n<\/div>\r\n\r\n\t\t\t\t<\/div>\n\t\t\t\t<\/div>\n\t\t\t\t\t<\/div>\n\t\t<\/div>\n\t\t\t\t\t\t\t<\/div>\n\t\t<\/section>\n\t\t\t\t<section class=\"elementor-section elementor-top-section elementor-element elementor-element-663aa12 elementor-section-stretched elementor-section-boxed elementor-section-height-default elementor-section-height-default\" data-id=\"663aa12\" data-element_type=\"section\" data-settings=\"{&quot;stretch_section&quot;:&quot;section-stretched&quot;}\">\n\t\t\t\t\t\t<div class=\"elementor-container elementor-column-gap-extended\">\n\t\t\t\t\t<div class=\"elementor-column elementor-col-33 elementor-top-column elementor-element elementor-element-8e9d1ec\" data-id=\"8e9d1ec\" data-element_type=\"column\">\n\t\t\t<div class=\"elementor-widget-wrap elementor-element-populated\">\n\t\t\t\t\t\t\t\t<div class=\"elementor-element elementor-element-f241844 elementor-widget elementor-widget-fmtpl-banner\" data-id=\"f241844\" data-element_type=\"widget\" data-widget_type=\"fmtpl-banner.default\">\n\t\t\t\t<div class=\"elementor-widget-container\">\n\t\t\t<div class=\"fmtpl-elementor-widget fmtpl-banner banner_default\"><div class=\"fmtpl-banner-background zoom\"  style=\"background-image: url(https:\/\/www.meltamtekstil.com\/wp-content\/uploads\/2021\/09\/anasayfa-showroom.jpg);\"><\/div><figure class=\"fmtpl-banner-box-img\"><img width=\"451\" height=\"343\" src=\"https:\/\/www.meltamtekstil.com\/wp-content\/uploads\/2021\/09\/anasayfa-showroom.jpg\" class=\"attachment-full size-full wp-image-724 fmfw-post-image\" alt=\"\" loading=\"lazy\" srcset=\"https:\/\/www.meltamtekstil.com\/wp-content\/uploads\/2021\/09\/anasayfa-showroom.jpg 451w, https:\/\/www.meltamtekstil.com\/wp-content\/uploads\/2021\/09\/anasayfa-showroom-122x93.jpg 122w, https:\/\/www.meltamtekstil.com\/wp-content\/uploads\/2021\/09\/anasayfa-showroom-16x12.jpg 16w, https:\/\/www.meltamtekstil.com\/wp-content\/uploads\/2021\/09\/anasayfa-showroom-300x228.jpg 300w\" sizes=\"(max-width: 451px) 100vw, 451px\" \/><\/figure><div class=\"fmtpl-banner-content\"><div class=\"fmtpl-widget-title fmtpl-banner-title\">Showroom<\/div><div class=\"banner-desc\"><\/div><a class=\"fmtpl-button-default fmtpl-banner-button left\" href=\"https:\/\/www.meltamtekstil.com\/en\/guncel-koleksiyon-2\/\"><span class=\"fmtpl-btn-text\">VISIT NOW<\/span><\/a><\/div><\/div>\t\t<\/div>\n\t\t\t\t<\/div>\n\t\t\t\t\t<\/div>\n\t\t<\/div>\n\t\t\t\t<div class=\"elementor-column elementor-col-33 elementor-top-column elementor-element elementor-element-568df57\" data-id=\"568df57\" data-element_type=\"column\">\n\t\t\t<div class=\"elementor-widget-wrap elementor-element-populated\">\n\t\t\t\t\t\t\t\t<div class=\"elementor-element elementor-element-edfc68f elementor-widget elementor-widget-fmtpl-banner\" data-id=\"edfc68f\" data-element_type=\"widget\" data-widget_type=\"fmtpl-banner.default\">\n\t\t\t\t<div class=\"elementor-widget-container\">\n\t\t\t<div class=\"fmtpl-elementor-widget fmtpl-banner banner_default\"><div class=\"fmtpl-banner-background zoom\"  style=\"background-image: url(https:\/\/www.meltamtekstil.com\/wp-content\/uploads\/2021\/09\/evening-jacards-01.jpg);\"><\/div><figure class=\"fmtpl-banner-box-img\"><img width=\"451\" height=\"343\" src=\"https:\/\/www.meltamtekstil.com\/wp-content\/uploads\/2021\/09\/evening-jacards-01.jpg\" class=\"attachment-full size-full wp-image-731 fmfw-post-image\" alt=\"\" loading=\"lazy\" srcset=\"https:\/\/www.meltamtekstil.com\/wp-content\/uploads\/2021\/09\/evening-jacards-01.jpg 451w, https:\/\/www.meltamtekstil.com\/wp-content\/uploads\/2021\/09\/evening-jacards-01-122x93.jpg 122w, https:\/\/www.meltamtekstil.com\/wp-content\/uploads\/2021\/09\/evening-jacards-01-16x12.jpg 16w, https:\/\/www.meltamtekstil.com\/wp-content\/uploads\/2021\/09\/evening-jacards-01-300x228.jpg 300w\" sizes=\"(max-width: 451px) 100vw, 451px\" \/><\/figure><div class=\"fmtpl-banner-content\"><div class=\"fmtpl-widget-title fmtpl-banner-title\">Evening &amp; Jacquards<\/div><div class=\"banner-desc\"><\/div><a class=\"fmtpl-button-default fmtpl-banner-button left\" href=\"https:\/\/www.meltamtekstil.com\/en\/iletisim\/\"><span class=\"fmtpl-btn-text\">VISIT NOW<\/span><\/a><\/div><\/div>\t\t<\/div>\n\t\t\t\t<\/div>\n\t\t\t\t\t<\/div>\n\t\t<\/div>\n\t\t\t\t<div class=\"elementor-column elementor-col-33 elementor-top-column elementor-element elementor-element-802d7eb\" data-id=\"802d7eb\" data-element_type=\"column\">\n\t\t\t<div class=\"elementor-widget-wrap elementor-element-populated\">\n\t\t\t\t\t\t\t\t<div class=\"elementor-element elementor-element-d391d9a elementor-widget elementor-widget-fmtpl-banner\" data-id=\"d391d9a\" data-element_type=\"widget\" data-widget_type=\"fmtpl-banner.default\">\n\t\t\t\t<div class=\"elementor-widget-container\">\n\t\t\t<div class=\"fmtpl-elementor-widget fmtpl-banner banner_default\"><div class=\"fmtpl-banner-background zoom\"  style=\"background-image: url(https:\/\/www.meltamtekstil.com\/wp-content\/uploads\/2021\/09\/stock-hangers-sample.jpg);\"><\/div><figure class=\"fmtpl-banner-box-img\"><img width=\"451\" height=\"343\" src=\"https:\/\/www.meltamtekstil.com\/wp-content\/uploads\/2021\/09\/stock-hangers-sample.jpg\" class=\"attachment-full size-full wp-image-726 fmfw-post-image\" alt=\"\" loading=\"lazy\" srcset=\"https:\/\/www.meltamtekstil.com\/wp-content\/uploads\/2021\/09\/stock-hangers-sample.jpg 451w, https:\/\/www.meltamtekstil.com\/wp-content\/uploads\/2021\/09\/stock-hangers-sample-122x93.jpg 122w, https:\/\/www.meltamtekstil.com\/wp-content\/uploads\/2021\/09\/stock-hangers-sample-16x12.jpg 16w, https:\/\/www.meltamtekstil.com\/wp-content\/uploads\/2021\/09\/stock-hangers-sample-300x228.jpg 300w\" sizes=\"(max-width: 451px) 100vw, 451px\" \/><\/figure><div class=\"fmtpl-banner-content\"><div class=\"fmtpl-widget-title fmtpl-banner-title\">Online Sales<\/div><div class=\"banner-desc\"><\/div><a class=\"fmtpl-button-default fmtpl-banner-button left\" href=\"https:\/\/www.meltamtekstil.com\/en\/online-satis\/\"><span class=\"fmtpl-btn-text\">VISIT NOW<\/span><\/a><\/div><\/div>\t\t<\/div>\n\t\t\t\t<\/div>\n\t\t\t\t\t<\/div>\n\t\t<\/div>\n\t\t\t\t\t\t\t<\/div>\n\t\t<\/section>\n\t\t\t\t<section class=\"elementor-section elementor-top-section elementor-element elementor-element-2818255 elementor-section-stretched elementor-section-boxed elementor-section-height-default elementor-section-height-default\" data-id=\"2818255\" data-element_type=\"section\" data-settings=\"{&quot;stretch_section&quot;:&quot;section-stretched&quot;}\">\n\t\t\t\t\t\t<div class=\"elementor-container elementor-column-gap-extended\">\n\t\t\t\t\t<div class=\"elementor-column elementor-col-100 elementor-top-column elementor-element elementor-element-8234c1a\" data-id=\"8234c1a\" data-element_type=\"column\">\n\t\t\t<div class=\"elementor-widget-wrap\">\n\t\t\t\t\t\t\t\t\t<\/div>\n\t\t<\/div>\n\t\t\t\t\t\t\t<\/div>\n\t\t<\/section>\n\t\t\t\t<section class=\"elementor-section elementor-top-section elementor-element elementor-element-52ccd60 elementor-section-stretched elementor-section-boxed elementor-section-height-default elementor-section-height-default\" data-id=\"52ccd60\" data-element_type=\"section\" data-settings=\"{&quot;stretch_section&quot;:&quot;section-stretched&quot;}\">\n\t\t\t\t\t\t<div class=\"elementor-container elementor-column-gap-extended\">\n\t\t\t\t\t<div class=\"elementor-column elementor-col-100 elementor-top-column elementor-element elementor-element-f7b4f44\" data-id=\"f7b4f44\" data-element_type=\"column\">\n\t\t\t<div class=\"elementor-widget-wrap\">\n\t\t\t\t\t\t\t\t\t<\/div>\n\t\t<\/div>\n\t\t\t\t\t\t\t<\/div>\n\t\t<\/section>\n\t\t\t\t<section class=\"elementor-section elementor-top-section elementor-element elementor-element-3f8296c elementor-section-full_width elementor-section-stretched elementor-section-height-default elementor-section-height-default\" data-id=\"3f8296c\" data-element_type=\"section\" data-settings=\"{&quot;stretch_section&quot;:&quot;section-stretched&quot;}\">\n\t\t\t\t\t\t<div class=\"elementor-container elementor-column-gap-no\">\n\t\t\t\t\t<div class=\"elementor-column elementor-col-100 elementor-top-column elementor-element elementor-element-f59bb8f\" data-id=\"f59bb8f\" data-element_type=\"column\">\n\t\t\t<div class=\"elementor-widget-wrap\">\n\t\t\t\t\t\t\t\t\t<\/div>\n\t\t<\/div>\n\t\t\t\t\t\t\t<\/div>\n\t\t<\/section>\n\t\t\t\t\t\t\t<\/div>","protected":false},"excerpt":{"rendered":"<p>ShowroomG\u00d6ZAT Abiye &#038; JakarG\u00d6ZAT Online Sat\u0131\u015fG\u00d6ZAT<\/p>","protected":false},"author":1,"featured_media":0,"parent":0,"menu_order":0,"comment_status":"closed","ping_status":"closed","template":"","meta":[],"_links":{"self":[{"href":"https:\/\/www.meltamtekstil.com\/en\/wp-json\/wp\/v2\/pages\/328"}],"collection":[{"href":"https:\/\/www.meltamtekstil.com\/en\/wp-json\/wp\/v2\/pages"}],"about":[{"href":"https:\/\/www.meltamtekstil.com\/en\/wp-json\/wp\/v2\/types\/page"}],"author":[{"embeddable":true,"href":"https:\/\/www.meltamtekstil.com\/en\/wp-json\/wp\/v2\/users\/1"}],"replies":[{"embeddable":true,"href":"https:\/\/www.meltamtekstil.com\/en\/wp-json\/wp\/v2\/comments?post=328"}],"version-history":[{"count":1,"href":"https:\/\/www.meltamtekstil.com\/en\/wp-json\/wp\/v2\/pages\/328\/revisions"}],"predecessor-version":[{"id":5548,"href":"https:\/\/www.meltamtekstil.com\/en\/wp-json\/wp\/v2\/pages\/328\/revisions\/5548"}],"wp:attachment":[{"href":"https:\/\/www.meltamtekstil.com\/en\/wp-json\/wp\/v2\/media?parent=328"}],"curies":[{"name":"wp","href":"https:\/\/api.w.org\/{rel}","templated":true}]}}