{"id":321,"date":"2021-04-01T07:53:33","date_gmt":"2021-04-01T07:53:33","guid":{"rendered":"https:\/\/fisino.familab.net\/?page_id=1990"},"modified":"2023-05-24T08:06:41","modified_gmt":"2023-05-24T08:06:41","slug":"hakkimizda","status":"publish","type":"page","link":"https:\/\/www.meltamtekstil.com\/en\/hakkimizda\/","title":{"rendered":"ABOUT US"},"content":{"rendered":"<div data-elementor-type=\"wp-page\" data-elementor-id=\"321\" class=\"elementor elementor-321\">\n\t\t\t\t\t\t\t\t\t<section class=\"elementor-section elementor-top-section elementor-element elementor-element-05099e6 elementor-section-stretched elementor-section-boxed elementor-section-height-default elementor-section-height-default\" data-id=\"05099e6\" data-element_type=\"section\" data-settings=\"{&quot;stretch_section&quot;:&quot;section-stretched&quot;}\">\n\t\t\t\t\t\t<div class=\"elementor-container elementor-column-gap-extended\">\n\t\t\t\t\t<div class=\"elementor-column elementor-col-100 elementor-top-column elementor-element elementor-element-837bb03\" data-id=\"837bb03\" data-element_type=\"column\">\n\t\t\t<div class=\"elementor-widget-wrap elementor-element-populated\">\n\t\t\t\t\t\t\t\t<div class=\"elementor-element elementor-element-71cb0fe elementor-widget elementor-widget-image\" data-id=\"71cb0fe\" data-element_type=\"widget\" data-widget_type=\"image.default\">\n\t\t\t\t<div class=\"elementor-widget-container\">\n\t\t\t\t\t\t\t\t\t\t\t\t\t\t\t<img width=\"1440\" height=\"839\" src=\"https:\/\/www.meltamtekstil.com\/wp-content\/uploads\/2021\/08\/meltam-tekstil-fabrika.jpg\" class=\"attachment-full size-full wp-image-465 fmfw-post-image\" alt=\"\" loading=\"lazy\" srcset=\"https:\/\/www.meltamtekstil.com\/wp-content\/uploads\/2021\/08\/meltam-tekstil-fabrika.jpg 1440w, https:\/\/www.meltamtekstil.com\/wp-content\/uploads\/2021\/08\/meltam-tekstil-fabrika-450x262.jpg 450w, https:\/\/www.meltamtekstil.com\/wp-content\/uploads\/2021\/08\/meltam-tekstil-fabrika-122x71.jpg 122w, https:\/\/www.meltamtekstil.com\/wp-content\/uploads\/2021\/08\/meltam-tekstil-fabrika-800x466.jpg 800w, https:\/\/www.meltamtekstil.com\/wp-content\/uploads\/2021\/08\/meltam-tekstil-fabrika-768x447.jpg 768w, https:\/\/www.meltamtekstil.com\/wp-content\/uploads\/2021\/08\/meltam-tekstil-fabrika-18x10.jpg 18w, https:\/\/www.meltamtekstil.com\/wp-content\/uploads\/2021\/08\/meltam-tekstil-fabrika-300x175.jpg 300w, https:\/\/www.meltamtekstil.com\/wp-content\/uploads\/2021\/08\/meltam-tekstil-fabrika-1024x597.jpg 1024w\" sizes=\"(max-width: 1440px) 100vw, 1440px\" \/>\t\t\t\t\t\t\t\t\t\t\t\t\t\t\t<\/div>\n\t\t\t\t<\/div>\n\t\t\t\t<div class=\"elementor-element elementor-element-fdec9a9 fmtpl-content-position-center fmtpl-content-align-center fmtpl-divider-position-bottom elementor-widget elementor-widget-fmtpl-title\" data-id=\"fdec9a9\" data-element_type=\"widget\" data-widget_type=\"fmtpl-title.default\">\n\t\t\t\t<div class=\"elementor-widget-container\">\n\t\t\t<div class=\"fmtpl-elementor-widget fmtpl-heading-title heading_default\"><div class=\"fmtpl-tittle-content-wrap\"><div class=\"fmtpl-widget-title fmtpl-title-wrap\"><span class=\"title-content\">Meltam Textile<\/span><\/div><div class=\"fmtpl-divider-wrap\"><div class=\"fmtpl-divider\">&nbsp;<\/div><\/div><div class=\"fmtpl-title-desc\">Meltam is a well-established women's clothing fabric manufacturer, built on a production heritage of more than 50 years and a great expertise.\n<br><br>\nOur company, is established in one of the best equipped industrial zones of Bursa, the highest quality silk thread and fabric production center of the Ottoman and young Turkish Republic. By blending this legacy and experience of the past with modern production tools and methods and sustainable raw materials, we provide our customers with the highest quality fabric supply.\n<br><br>\nOur company, is well re-known for its reliability and ability to manufacture a wide variety of woven fabrics of the highest quality, from the lightest organza fabrics to the heaviest bonded fabrics in the womenswear fabric range.\n<br><br>\nWith our skilled, experienced, enthusiastic and hard-working young team; We are offering, and will continue to offer our knowledge and products, to our customers all over the world who consider quality and innovation as essential.<\/div><\/div><\/div>\t\t<\/div>\n\t\t\t\t<\/div>\n\t\t\t\t\t<\/div>\n\t\t<\/div>\n\t\t\t\t\t\t\t<\/div>\n\t\t<\/section>\n\t\t\t\t\t\t\t<\/div>","protected":false},"excerpt":{"rendered":"<p>Meltam Tekstil&nbsp;Meltam 50 y\u0131l\u0131 a\u015fan bir \u00fcretim miras\u0131 ve b\u00fcy\u00fck bir uzmanl\u0131\u011f\u0131n \u00fczerine kurulmu\u015f, k\u00f6kl\u00fc bir kad\u0131n giyim kuma\u015f\u0131 \u00fcreticisidir. Osmanl\u0131 ve gen\u00e7 T\u00fcrkiye Cumhuriyeti&#8217;nin en kaliteli ipek iplik ve kuma\u015f \u00fcretim merkezi olan Bursa&#8217;n\u0131n en iyi donan\u0131ml\u0131 sanayi b\u00f6lgelerinden birisinde kurulu olan firmam\u0131z; ge\u00e7mi\u015fin bu miras\u0131n\u0131 ve deneyimini, modern \u00fcretim ara\u00e7lar\u0131 ve y\u00f6ntemleri ve [&hellip;]<\/p>","protected":false},"author":1,"featured_media":0,"parent":0,"menu_order":0,"comment_status":"closed","ping_status":"closed","template":"","meta":[],"_links":{"self":[{"href":"https:\/\/www.meltamtekstil.com\/en\/wp-json\/wp\/v2\/pages\/321"}],"collection":[{"href":"https:\/\/www.meltamtekstil.com\/en\/wp-json\/wp\/v2\/pages"}],"about":[{"href":"https:\/\/www.meltamtekstil.com\/en\/wp-json\/wp\/v2\/types\/page"}],"author":[{"embeddable":true,"href":"https:\/\/www.meltamtekstil.com\/en\/wp-json\/wp\/v2\/users\/1"}],"replies":[{"embeddable":true,"href":"https:\/\/www.meltamtekstil.com\/en\/wp-json\/wp\/v2\/comments?post=321"}],"version-history":[{"count":6,"href":"https:\/\/www.meltamtekstil.com\/en\/wp-json\/wp\/v2\/pages\/321\/revisions"}],"predecessor-version":[{"id":6150,"href":"https:\/\/www.meltamtekstil.com\/en\/wp-json\/wp\/v2\/pages\/321\/revisions\/6150"}],"wp:attachment":[{"href":"https:\/\/www.meltamtekstil.com\/en\/wp-json\/wp\/v2\/media?parent=321"}],"curies":[{"name":"wp","href":"https:\/\/api.w.org\/{rel}","templated":true}]}}