{"id":2260,"date":"2021-11-12T12:24:16","date_gmt":"2021-11-12T12:24:16","guid":{"rendered":"http:\/\/www.meltamtekstil.com\/?page_id=2260"},"modified":"2022-03-26T10:10:41","modified_gmt":"2022-03-26T10:10:41","slug":"guncel-koleksiyon-2","status":"publish","type":"page","link":"https:\/\/www.meltamtekstil.com\/en\/guncel-koleksiyon-2\/","title":{"rendered":"NEW COLLECTION"},"content":{"rendered":"<div data-elementor-type=\"wp-page\" data-elementor-id=\"2260\" class=\"elementor elementor-2260\">\n\t\t\t\t\t\t\t\t\t<section class=\"elementor-section elementor-top-section elementor-element elementor-element-3d0909f elementor-section-boxed elementor-section-height-default elementor-section-height-default\" data-id=\"3d0909f\" data-element_type=\"section\">\n\t\t\t\t\t\t<div class=\"elementor-container elementor-column-gap-default\">\n\t\t\t\t\t<div class=\"elementor-column elementor-col-100 elementor-top-column elementor-element elementor-element-c0d45bf\" data-id=\"c0d45bf\" data-element_type=\"column\">\n\t\t\t<div class=\"elementor-widget-wrap elementor-element-populated\">\n\t\t\t\t\t\t\t\t<div class=\"elementor-element elementor-element-b6ab8ef elementor-widget elementor-widget-heading\" data-id=\"b6ab8ef\" data-element_type=\"widget\" data-widget_type=\"heading.default\">\n\t\t\t\t<div class=\"elementor-widget-container\">\n\t\t\t<h2 class=\"elementor-heading-title elementor-size-default\">NEW COLLECTION<\/h2>\t\t<\/div>\n\t\t\t\t<\/div>\n\t\t\t\t\t<\/div>\n\t\t<\/div>\n\t\t\t\t\t\t\t<\/div>\n\t\t<\/section>\n\t\t\t\t<section class=\"elementor-section elementor-top-section elementor-element elementor-element-67bdfeb elementor-section-boxed elementor-section-height-default elementor-section-height-default\" data-id=\"67bdfeb\" data-element_type=\"section\">\n\t\t\t\t\t\t<div class=\"elementor-container elementor-column-gap-default\">\n\t\t\t\t\t<div class=\"elementor-column elementor-col-33 elementor-top-column elementor-element elementor-element-316c4bc\" data-id=\"316c4bc\" data-element_type=\"column\">\n\t\t\t<div class=\"elementor-widget-wrap elementor-element-populated\">\n\t\t\t\t\t\t\t\t<div class=\"elementor-element elementor-element-3c08a7f elementor-widget elementor-widget-image\" data-id=\"3c08a7f\" data-element_type=\"widget\" data-widget_type=\"image.default\">\n\t\t\t\t<div class=\"elementor-widget-container\">\n\t\t\t\t\t\t\t\t\t\t\t\t\t\t\t<img width=\"450\" height=\"450\" src=\"https:\/\/www.meltamtekstil.com\/wp-content\/uploads\/2021\/11\/bernita-qkr-21210-01a-450x450.jpg\" class=\"attachment-thumbnail size-thumbnail wp-image-1773 fmfw-post-image\" alt=\"\" loading=\"lazy\" srcset=\"https:\/\/www.meltamtekstil.com\/wp-content\/uploads\/2021\/11\/bernita-qkr-21210-01a-450x450.jpg 450w, https:\/\/www.meltamtekstil.com\/wp-content\/uploads\/2021\/11\/bernita-qkr-21210-01a-122x122.jpg 122w, https:\/\/www.meltamtekstil.com\/wp-content\/uploads\/2021\/11\/bernita-qkr-21210-01a-800x800.jpg 800w, https:\/\/www.meltamtekstil.com\/wp-content\/uploads\/2021\/11\/bernita-qkr-21210-01a-768x768.jpg 768w, https:\/\/www.meltamtekstil.com\/wp-content\/uploads\/2021\/11\/bernita-qkr-21210-01a-1536x1536.jpg 1536w, https:\/\/www.meltamtekstil.com\/wp-content\/uploads\/2021\/11\/bernita-qkr-21210-01a-12x12.jpg 12w, https:\/\/www.meltamtekstil.com\/wp-content\/uploads\/2021\/11\/bernita-qkr-21210-01a.jpg 1600w\" sizes=\"(max-width: 450px) 100vw, 450px\" \/>\t\t\t\t\t\t\t\t\t\t\t\t\t\t\t<\/div>\n\t\t\t\t<\/div>\n\t\t\t\t\t<\/div>\n\t\t<\/div>\n\t\t\t\t<div class=\"elementor-column elementor-col-33 elementor-top-column elementor-element elementor-element-08d2acb\" data-id=\"08d2acb\" data-element_type=\"column\">\n\t\t\t<div class=\"elementor-widget-wrap elementor-element-populated\">\n\t\t\t\t\t\t\t\t<div class=\"elementor-element elementor-element-4bed135 elementor-widget elementor-widget-image\" data-id=\"4bed135\" data-element_type=\"widget\" data-widget_type=\"image.default\">\n\t\t\t\t<div class=\"elementor-widget-container\">\n\t\t\t\t\t\t\t\t\t\t\t\t\t\t\t<img width=\"450\" height=\"450\" src=\"https:\/\/www.meltamtekstil.com\/wp-content\/uploads\/2021\/11\/hilma-qd-20309-01-450x450.jpg\" class=\"attachment-thumbnail size-thumbnail wp-image-1785 fmfw-post-image\" alt=\"\" loading=\"lazy\" srcset=\"https:\/\/www.meltamtekstil.com\/wp-content\/uploads\/2021\/11\/hilma-qd-20309-01-450x450.jpg 450w, https:\/\/www.meltamtekstil.com\/wp-content\/uploads\/2021\/11\/hilma-qd-20309-01-122x122.jpg 122w, https:\/\/www.meltamtekstil.com\/wp-content\/uploads\/2021\/11\/hilma-qd-20309-01-800x800.jpg 800w, https:\/\/www.meltamtekstil.com\/wp-content\/uploads\/2021\/11\/hilma-qd-20309-01-768x768.jpg 768w, https:\/\/www.meltamtekstil.com\/wp-content\/uploads\/2021\/11\/hilma-qd-20309-01-1536x1536.jpg 1536w, https:\/\/www.meltamtekstil.com\/wp-content\/uploads\/2021\/11\/hilma-qd-20309-01-12x12.jpg 12w, https:\/\/www.meltamtekstil.com\/wp-content\/uploads\/2021\/11\/hilma-qd-20309-01.jpg 1600w\" sizes=\"(max-width: 450px) 100vw, 450px\" \/>\t\t\t\t\t\t\t\t\t\t\t\t\t\t\t<\/div>\n\t\t\t\t<\/div>\n\t\t\t\t\t<\/div>\n\t\t<\/div>\n\t\t\t\t<div class=\"elementor-column elementor-col-33 elementor-top-column elementor-element elementor-element-cc7d67e\" data-id=\"cc7d67e\" data-element_type=\"column\">\n\t\t\t<div class=\"elementor-widget-wrap elementor-element-populated\">\n\t\t\t\t\t\t\t\t<div class=\"elementor-element elementor-element-2684c72 elementor-widget elementor-widget-image\" data-id=\"2684c72\" data-element_type=\"widget\" data-widget_type=\"image.default\">\n\t\t\t\t<div class=\"elementor-widget-container\">\n\t\t\t\t\t\t\t\t\t\t\t\t\t\t\t<img width=\"450\" height=\"450\" src=\"https:\/\/www.meltamtekstil.com\/wp-content\/uploads\/2021\/11\/hodel-tm-10504-01a-450x450.jpg\" class=\"attachment-thumbnail size-thumbnail wp-image-1790 fmfw-post-image\" alt=\"\" loading=\"lazy\" srcset=\"https:\/\/www.meltamtekstil.com\/wp-content\/uploads\/2021\/11\/hodel-tm-10504-01a-450x450.jpg 450w, https:\/\/www.meltamtekstil.com\/wp-content\/uploads\/2021\/11\/hodel-tm-10504-01a-122x122.jpg 122w, https:\/\/www.meltamtekstil.com\/wp-content\/uploads\/2021\/11\/hodel-tm-10504-01a-800x800.jpg 800w, https:\/\/www.meltamtekstil.com\/wp-content\/uploads\/2021\/11\/hodel-tm-10504-01a-768x768.jpg 768w, https:\/\/www.meltamtekstil.com\/wp-content\/uploads\/2021\/11\/hodel-tm-10504-01a-1536x1536.jpg 1536w, https:\/\/www.meltamtekstil.com\/wp-content\/uploads\/2021\/11\/hodel-tm-10504-01a-12x12.jpg 12w, https:\/\/www.meltamtekstil.com\/wp-content\/uploads\/2021\/11\/hodel-tm-10504-01a.jpg 1600w\" sizes=\"(max-width: 450px) 100vw, 450px\" \/>\t\t\t\t\t\t\t\t\t\t\t\t\t\t\t<\/div>\n\t\t\t\t<\/div>\n\t\t\t\t\t<\/div>\n\t\t<\/div>\n\t\t\t\t\t\t\t<\/div>\n\t\t<\/section>\n\t\t\t\t<section class=\"elementor-section elementor-top-section elementor-element elementor-element-397a049 elementor-section-boxed elementor-section-height-default elementor-section-height-default\" data-id=\"397a049\" data-element_type=\"section\">\n\t\t\t\t\t\t<div class=\"elementor-container elementor-column-gap-default\">\n\t\t\t\t\t<div class=\"elementor-column elementor-col-100 elementor-top-column elementor-element elementor-element-7a9b9ef\" data-id=\"7a9b9ef\" data-element_type=\"column\">\n\t\t\t<div class=\"elementor-widget-wrap elementor-element-populated\">\n\t\t\t\t\t\t\t\t<div class=\"elementor-element elementor-element-efff094 elementor-widget elementor-widget-fmtpl-button\" data-id=\"efff094\" data-element_type=\"widget\" data-widget_type=\"fmtpl-button.default\">\n\t\t\t\t<div class=\"elementor-widget-container\">\n\t\t\t<div class=\"fmtpl-elementor-widget fmtpl-button\"><a class=\"fmtpl-button-default fmtpl-button-button left\" href=\"https:\/\/www.meltamtekstil.com\/en\/guncel-koleksiyon\/\"><span class=\"fmtpl-btn-text\">Click For More<\/span><\/a><\/div>\t\t<\/div>\n\t\t\t\t<\/div>\n\t\t\t\t\t<\/div>\n\t\t<\/div>\n\t\t\t\t\t\t\t<\/div>\n\t\t<\/section>\n\t\t\t\t\t\t\t<\/div>","protected":false},"excerpt":{"rendered":"<p>G\u00dcNCEL KOLEKS\u0130YON Devam\u0131 \u0130\u00e7in T\u0131klay\u0131n\u0131z<\/p>","protected":false},"author":1,"featured_media":0,"parent":0,"menu_order":0,"comment_status":"closed","ping_status":"closed","template":"templates\/fullwidth.php","meta":[],"_links":{"self":[{"href":"https:\/\/www.meltamtekstil.com\/en\/wp-json\/wp\/v2\/pages\/2260"}],"collection":[{"href":"https:\/\/www.meltamtekstil.com\/en\/wp-json\/wp\/v2\/pages"}],"about":[{"href":"https:\/\/www.meltamtekstil.com\/en\/wp-json\/wp\/v2\/types\/page"}],"author":[{"embeddable":true,"href":"https:\/\/www.meltamtekstil.com\/en\/wp-json\/wp\/v2\/users\/1"}],"replies":[{"embeddable":true,"href":"https:\/\/www.meltamtekstil.com\/en\/wp-json\/wp\/v2\/comments?post=2260"}],"version-history":[{"count":0,"href":"https:\/\/www.meltamtekstil.com\/en\/wp-json\/wp\/v2\/pages\/2260\/revisions"}],"wp:attachment":[{"href":"https:\/\/www.meltamtekstil.com\/en\/wp-json\/wp\/v2\/media?parent=2260"}],"curies":[{"name":"wp","href":"https:\/\/api.w.org\/{rel}","templated":true}]}}